{"id":38,"date":"2011-03-03T21:48:12","date_gmt":"2011-03-03T20:48:12","guid":{"rendered":"http:\/\/www.hjornholm.dk\/?page_id=38"},"modified":"2020-11-21T10:53:05","modified_gmt":"2020-11-21T09:53:05","slug":"om-mig","status":"publish","type":"page","link":"https:\/\/hjornholm.dk\/?page_id=38","title":{"rendered":"Om mig&#8230;"},"content":{"rendered":"<p>Jeg har arbejdet med pil i mange \u00e5r &#8211; starten var et kursus med Bent Vinkler p\u00e5 Vestbirk H\u00f8jskole i &#8217;88, og siden har det bare taget fart. Jeg har siden &#8217;96 haft pileflet som min levevej, med undervisning, udstillinger, st\u00f8rre projekter samt\u00a0salg af stort set alt der kan flettes i pil&#8230;<\/p>\n<p>Jeg er oprindeligt uddannet tekstilformgiver \/ v\u00e6ver p\u00e5 Skolen for Brugskunst 1985-89.<\/p>\n<p>Jeg er meget optaget af selve h\u00e5ndv\u00e6rket, og arbejder bestandigt med at optimere form i forhold til funktion i mine kurve. Min store lidenskab er rammev\u00e6rkskurvene, som jeg har flettet i mange forskellige variationer, og jeg kan stadig finde nye sm\u00e5 \u00e6ndringer, forbedringer og nye materialekombinationer.<br \/>\nRammev\u00e6rkskurven har ikke en kant som skal l\u00e6gges af stagerne til sidst, og derfor er der ikke det samme pres p\u00e5 at f\u00e5 gjort kurven f\u00e6rdig med det samme som for en opstaget kurv. Den kan fint st\u00e5 l\u00e6nge og vente p\u00e5 at blive fyldt ud, n\u00e5r f\u00f8rst rammen er sikret. Dette g\u00f8r at det er en meget afstressende kurv at lave for mig. Det er lidt ligesom n\u00e5r jeg fik sat v\u00e6ven op og den fungerede som den skulle, s\u00e5 var det &#8220;bare&#8221; at v\u00e6ve derudaf, mens tankerne kunne g\u00e5 p\u00e5 langfart. S\u00e5dan er det ogs\u00e5 med rammev\u00e6rkskurven, n\u00e5r formen\/rammen er klar. Mange andre flettere keder sig med udfyldningsprocessen, men ikke jeg, det er ren afslapning og terapi.<\/p>\n<p>Lige s\u00e5 meget som jeg holder af de fine detaljer og finesser ved kurvefletteriet, lige s\u00e5 meget holder jeg af at lave st\u00f8rre projekter, overdimensionerede dyr, land-art projekter, tunneller, udstillinger m.m. Her er det oftest de store linjer det g\u00e6lder, og arbejdet er endnu mere fysisk betonet end n\u00e5r jeg fletter kurve.<\/p>\n<p>Jeg synes de to m\u00e5der at arbejde p\u00e5 giver gensidig inspiration, og f\u00f8ler mig meget priviligeret over at kunne udtrykke mig s\u00e5 forskelligt i mit arbejdsliv.<\/p>\n<p>Jeg er medlem af Danske Kunsth\u00e5ndv\u00e6rkere\u00a0og Baskets4life.<\/p>\n<p>Se mere detaljeret information p\u00e5 fanebladet &#8220;Mit CV&#8221;.<\/p>\n","protected":false},"excerpt":{"rendered":"<p>Jeg har arbejdet med pil i mange \u00e5r &#8211; starten var et kursus med Bent Vinkler p\u00e5 Vestbirk H\u00f8jskole i &#8217;88, og siden har det bare taget fart. Jeg har siden &#8217;96 haft pileflet som min levevej, med undervisning, udstillinger, st\u00f8rre projekter samt\u00a0salg af stort set alt der kan flettes i pil&#8230; Jeg er oprindeligt uddannet tekstilformgiver \/ v\u00e6ver p\u00e5 Skolen for Brugskunst 1985-89. Jeg er meget optaget af selve h\u00e5ndv\u00e6rket, og arbejder bestandigt med at optimere form i forhold til funktion i mine kurve. Min store lidenskab er rammev\u00e6rkskurvene, som jeg har flettet i mange forskellige variationer, og jeg kan stadig finde nye sm\u00e5 \u00e6ndringer, forbedringer og nye materialekombinationer. Rammev\u00e6rkskurven har ikke en kant som skal l\u00e6gges af stagerne til sidst, og derfor er der ikke det samme pres p\u00e5 at f\u00e5 gjort kurven f\u00e6rdig med det samme som for en opstaget kurv. Den kan fint st\u00e5 l\u00e6nge og vente p\u00e5 at blive fyldt ud, n\u00e5r f\u00f8rst rammen er sikret. Dette g\u00f8r at det er en meget afstressende kurv at lave for mig. Det er lidt ligesom n\u00e5r jeg fik sat v\u00e6ven op og den fungerede som den skulle, s\u00e5 var det &#8220;bare&#8221; at v\u00e6ve derudaf, mens tankerne kunne g\u00e5 p\u00e5 langfart. S\u00e5dan er det ogs\u00e5 med rammev\u00e6rkskurven, n\u00e5r formen\/rammen er klar. Mange andre flettere keder sig med udfyldningsprocessen, men ikke jeg, det er ren afslapning og terapi. Lige s\u00e5 meget som jeg holder af de fine detaljer og finesser ved kurvefletteriet, lige s\u00e5 meget holder jeg af at lave st\u00f8rre projekter, overdimensionerede dyr, land-art projekter, tunneller, udstillinger m.m. Her er det oftest de store linjer det g\u00e6lder, og arbejdet er endnu mere fysisk betonet end n\u00e5r jeg fletter kurve. Jeg synes de to m\u00e5der at arbejde p\u00e5 giver gensidig inspiration, og f\u00f8ler mig meget priviligeret over at kunne udtrykke mig s\u00e5 forskelligt i mit arbejdsliv. Jeg er medlem af Danske Kunsth\u00e5ndv\u00e6rkere\u00a0og Baskets4life. Se mere detaljeret information p\u00e5 fanebladet &#8220;Mit CV&#8221;.<\/p>\n","protected":false},"author":1,"featured_media":0,"parent":0,"menu_order":2,"comment_status":"closed","ping_status":"open","template":"onecolumn-page.php","meta":{"advanced_seo_description":"","jetpack_seo_html_title":"","jetpack_seo_noindex":false,"footnotes":""},"class_list":["post-38","page","type-page","status-publish","hentry"],"acf":[],"jetpack_sharing_enabled":true,"jetpack_shortlink":"https:\/\/wp.me\/P379MJ-C","_links":{"self":[{"href":"https:\/\/hjornholm.dk\/index.php?rest_route=\/wp\/v2\/pages\/38","targetHints":{"allow":["GET"]}}],"collection":[{"href":"https:\/\/hjornholm.dk\/index.php?rest_route=\/wp\/v2\/pages"}],"about":[{"href":"https:\/\/hjornholm.dk\/index.php?rest_route=\/wp\/v2\/types\/page"}],"author":[{"embeddable":true,"href":"https:\/\/hjornholm.dk\/index.php?rest_route=\/wp\/v2\/users\/1"}],"replies":[{"embeddable":true,"href":"https:\/\/hjornholm.dk\/index.php?rest_route=%2Fwp%2Fv2%2Fcomments&post=38"}],"version-history":[{"count":0,"href":"https:\/\/hjornholm.dk\/index.php?rest_route=\/wp\/v2\/pages\/38\/revisions"}],"wp:attachment":[{"href":"https:\/\/hjornholm.dk\/index.php?rest_route=%2Fwp%2Fv2%2Fmedia&parent=38"}],"curies":[{"name":"wp","href":"https:\/\/api.w.org\/{rel}","templated":true}]}}