{"id":55,"date":"2011-03-03T22:38:32","date_gmt":"2011-03-03T21:38:32","guid":{"rendered":"http:\/\/www.hjornholm.dk\/?page_id=55"},"modified":"2020-11-22T21:19:38","modified_gmt":"2020-11-22T20:19:38","slug":"kontakt","status":"publish","type":"page","link":"https:\/\/hjornholm.dk\/?page_id=55","title":{"rendered":"Kontakt"},"content":{"rendered":"<p>Jeg bor i \u00d8ster Hjerm mellem Struer, Holstebro og Vinderup &#8211; se kortet nedenfor&#8230;.<br \/>Adressen er \u00d8ster Hjermvej 28, 7560 Hjerm.<\/p>\n<p>Du kan ringe til mig p\u00e5 2287 4708, eller skrive til <a href=\"&#x6d;&#x61;&#x69;&#108;&#116;o:&#x61;&#x6e;&#x6e;&#x65;&#46;&#109;et&#x74;&#x65;&#x2e;&#104;&#106;&#111;rn&#x68;&#x6f;&#x6c;&#109;&#64;gm&#x61;&#x69;&#x6c;&#x2e;&#99;&#111;m\" target=\"_blank\" rel=\"noopener noreferrer\">a&#110;&#110;&#101;&#x2e;&#x6d;&#x65;tt&#101;&#46;&#x68;&#x6a;&#x6f;&#x72;nh&#111;&#108;&#x6d;&#x40;&#x67;&#x6d;a&#105;&#108;&#46;&#x63;&#x6f;&#x6d;<\/a><\/p>\n\n<p><iframe loading=\"lazy\" src=\"https:\/\/www.google.com\/maps\/embed?pb=!1m18!1m12!1m3!1d2205.305821098358!2d8.692905115536172!3d56.445261945839825!2m3!1f0!2f0!3f0!3m2!1i1024!2i768!4f13.1!3m3!1m2!1s0x464a2d5234d5c343%3A0x509b5e5e5b405d47!2sHj%C3%B8rnholm%20Pil!5e0!3m2!1sen!2sdk!4v1606076068280!5m2!1sen!2sdk\" width=\"600\" height=\"450\" frameborder=\"0\" style=\"border:0;\" allowfullscreen=\"\" aria-hidden=\"false\" tabindex=\"0\"><\/iframe><\/p>\n","protected":false},"excerpt":{"rendered":"<p>Jeg bor i \u00d8ster Hjerm mellem Struer, Holstebro og Vinderup &#8211; se kortet nedenfor&#8230;.Adressen er \u00d8ster Hjermvej 28, 7560 Hjerm. Du kan ringe til mig p\u00e5 2287 4708, eller skrive til &#97;n&#110;e&#46;m&#x65;t&#x74;e&#x2e;h&#x6a;o&#x72;n&#x68;o&#x6c;m&#x40;g&#x6d;a&#x69;&#108;&#x2e;&#99;&#x6f;&#109;<\/p>\n","protected":false},"author":1,"featured_media":0,"parent":0,"menu_order":5,"comment_status":"closed","ping_status":"open","template":"","meta":{"advanced_seo_description":"","jetpack_seo_html_title":"","jetpack_seo_noindex":false,"footnotes":""},"class_list":["post-55","page","type-page","status-publish","hentry"],"acf":[],"jetpack_sharing_enabled":true,"jetpack_shortlink":"https:\/\/wp.me\/P379MJ-T","_links":{"self":[{"href":"https:\/\/hjornholm.dk\/index.php?rest_route=\/wp\/v2\/pages\/55","targetHints":{"allow":["GET"]}}],"collection":[{"href":"https:\/\/hjornholm.dk\/index.php?rest_route=\/wp\/v2\/pages"}],"about":[{"href":"https:\/\/hjornholm.dk\/index.php?rest_route=\/wp\/v2\/types\/page"}],"author":[{"embeddable":true,"href":"https:\/\/hjornholm.dk\/index.php?rest_route=\/wp\/v2\/users\/1"}],"replies":[{"embeddable":true,"href":"https:\/\/hjornholm.dk\/index.php?rest_route=%2Fwp%2Fv2%2Fcomments&post=55"}],"version-history":[{"count":0,"href":"https:\/\/hjornholm.dk\/index.php?rest_route=\/wp\/v2\/pages\/55\/revisions"}],"wp:attachment":[{"href":"https:\/\/hjornholm.dk\/index.php?rest_route=%2Fwp%2Fv2%2Fmedia&parent=55"}],"curies":[{"name":"wp","href":"https:\/\/api.w.org\/{rel}","templated":true}]}}