{"id":66,"date":"2011-03-03T23:06:28","date_gmt":"2011-03-03T22:06:28","guid":{"rendered":"http:\/\/www.hjornholm.dk\/?page_id=66"},"modified":"2013-02-24T20:33:37","modified_gmt":"2013-02-24T19:33:37","slug":"cv","status":"publish","type":"page","link":"https:\/\/hjornholm.dk\/?page_id=66","title":{"rendered":"Mit CV&#8230;"},"content":{"rendered":"\n<table id=\"tablepress-2\" class=\"tablepress tablepress-id-2\">\n<tbody class=\"row-hover\">\n<tr class=\"row-1\">\n\t<td class=\"column-1\">F\u00f8dt:\t\t<\/td><td class=\"column-2\">1963<\/td><td class=\"column-3\">Holstebro<\/td>\n<\/tr>\n<tr class=\"row-2\">\n\t<td class=\"column-1\">Uddannelse:<\/td><td class=\"column-2\">1985-89 <\/td><td class=\"column-3\">Tekstilformgiver (v\u00e6v),<br \/>\nDanmarks Design Skole, K\u00f8benhavn<\/td>\n<\/tr>\n<tr class=\"row-3\">\n\t<td class=\"column-1\">Ans\u00e6ttelser:<\/td><td class=\"column-2\">2020-00<\/td><td class=\"column-3\">Undervisning i pileflet, Danmark<\/td>\n<\/tr>\n<tr class=\"row-4\">\n\t<td class=\"column-1\"><\/td><td class=\"column-2\">2020<\/td><td class=\"column-3\">Wowpark, Billund.<br \/>\nPileskulpturer<\/td>\n<\/tr>\n<tr class=\"row-5\">\n\t<td class=\"column-1\"><\/td><td class=\"column-2\">2020-18<\/td><td class=\"column-3\">Norrviken Tr\u00e4dg\u00e5rde, Sverige. Pilem\u00f8bler og store skulpturelle plantekurve<\/td>\n<\/tr>\n<tr class=\"row-6\">\n\t<td class=\"column-1\"><\/td><td class=\"column-2\">2020 - 04<\/td><td class=\"column-3\">Gr\u00f8n koordinator ved Landsskuet, Herning<\/td>\n<\/tr>\n<tr class=\"row-7\">\n\t<td class=\"column-1\"><\/td><td class=\"column-2\">2017<\/td><td class=\"column-3\">Moesgaard Museum, Ormens vej 3 skulpturer.<br \/>\nGodsbanen \u00c5rhus, Byg Amok, b\u00f8rnekulturprojekt.<br \/>\nSkals H\u00f8jskole, Luftballon.<br \/>\nSundholm Byhave, Indgangsparti til byhaven.<\/td>\n<\/tr>\n<tr class=\"row-8\">\n\t<td class=\"column-1\"><\/td><td class=\"column-2\">2016,14,12<\/td><td class=\"column-3\">Undervisning, Stowe Annual Basketry Festival, Vermont, USA<\/td>\n<\/tr>\n<tr class=\"row-9\">\n\t<td class=\"column-1\"><\/td><td class=\"column-2\">2016<\/td><td class=\"column-3\">Pileinstallation ved b\u00f8rnehave i Randers<\/td>\n<\/tr>\n<tr class=\"row-10\">\n\t<td class=\"column-1\"><\/td><td class=\"column-2\">2016,14<\/td><td class=\"column-3\">Kurve for Disney Productions : Nutcracker og Cinderella.<\/td>\n<\/tr>\n<tr class=\"row-11\">\n\t<td class=\"column-1\"><\/td><td class=\"column-2\">2014,12,10<\/td><td class=\"column-3\">Pileskulpturer ved Rom skole: Fisk, Fugle og K\u00e6mpefr\u00f8<\/td>\n<\/tr>\n<tr class=\"row-12\">\n\t<td class=\"column-1\">\t\t<\/td><td class=\"column-2\">2005<\/td><td class=\"column-3\">Piletunnel, Danfoss Universe, Nordborg<\/td>\n<\/tr>\n<tr class=\"row-13\">\n\t<td class=\"column-1\">Udstillinger:<\/td><td class=\"column-2\">2020<\/td><td class=\"column-3\">\"Sv\u00e6rm\" Baskets4life, Rundet\u00e5rn, Kbh.<\/td>\n<\/tr>\n<tr class=\"row-14\">\n\t<td class=\"column-1\"><\/td><td class=\"column-2\">2020<\/td><td class=\"column-3\">\"Lookout Exhibition\" Museu de la Palma, Spanien<\/td>\n<\/tr>\n<tr class=\"row-15\">\n\t<td class=\"column-1\"><\/td><td class=\"column-2\">2020 - 00<\/td><td class=\"column-3\">Gimsinghoved Jukekunsth\u00e5ndv\u00e6rkermarked, Struer<\/td>\n<\/tr>\n<tr class=\"row-16\">\n\t<td class=\"column-1\"><\/td><td class=\"column-2\">2019 - 15<\/td><td class=\"column-3\">Galleri Molevit<\/td>\n<\/tr>\n<tr class=\"row-17\">\n\t<td class=\"column-1\"><\/td><td class=\"column-2\">2019 - 08<\/td><td class=\"column-3\">\u201cVillvin\u201d, kunsth\u00e5ndv\u00e6rkermarked, Ris\u00f8r, Norge<\/td>\n<\/tr>\n<tr class=\"row-18\">\n\t<td class=\"column-1\"><\/td><td class=\"column-2\">2018,09,07,03<\/td><td class=\"column-3\">\u201cKunsth\u00e5ndv\u00e6rk\u201d, Jens og Olivia Museet, Holstebro<\/td>\n<\/tr>\n<tr class=\"row-19\">\n\t<td class=\"column-1\"><\/td><td class=\"column-2\">2017 - 10<\/td><td class=\"column-3\">\u201cDanmarks Smukkeste Marked\u201d, Skals<\/td>\n<\/tr>\n<tr class=\"row-20\">\n\t<td class=\"column-1\"><\/td><td class=\"column-2\">2017<\/td><td class=\"column-3\">Kunstforeningen Limfjordens jubil\u00e6umsudstilling, Struer.<br \/>\n\"Dimensions\", B4L, Bovbjerg Fyr.<\/td>\n<\/tr>\n<tr class=\"row-21\">\n\t<td class=\"column-1\"><\/td><td class=\"column-2\">2016<\/td><td class=\"column-3\">Thyholm Kunstforening, Hvidbjerg.<\/td>\n<\/tr>\n<tr class=\"row-22\">\n\t<td class=\"column-1\"><\/td><td class=\"column-2\">2014,11,09<\/td><td class=\"column-3\">Frue Plads, kunsth\u00e5ndv\u00e6rkermarked, K\u00f8benhavn<\/td>\n<\/tr>\n<tr class=\"row-23\">\n\t<td class=\"column-1\"><\/td><td class=\"column-2\">2013,10,12<\/td><td class=\"column-3\">\u201cKirkeristen\u201d, kunsth\u00e5ndv\u00e6rkermarked, Oslo, Norge<\/td>\n<\/tr>\n<tr class=\"row-24\">\n\t<td class=\"column-1\"><\/td><td class=\"column-2\">2012<\/td><td class=\"column-3\">\"Mellem Linjerne\", Baskets4Life udstilling, Rundet\u00e5rn, K\u00f8benhavn<br \/>\n\u201cKorg\u201d, udstilling, Landskrona, Sverige<br \/>\n\u201cLinking\u201d, udstilling, Nordwolde, Holland<br \/>\n\u201cKIC\u201d, kunsth\u00e5ndv\u00e6rkerudstilling, Aarhus<\/td>\n<\/tr>\n<tr class=\"row-25\">\n\t<td class=\"column-1\">\t<\/td><td class=\"column-2\">2012-07<\/td><td class=\"column-3\">Kurvemarked, Vallabreques, Frankrig<\/td>\n<\/tr>\n<tr class=\"row-26\">\n\t<td class=\"column-1\"><\/td><td class=\"column-2\">2010<\/td><td class=\"column-3\">\u201cFinurlige Fade\u201d, udstilling, Levins Hus, F\u00e5borg<br \/>\n\u201cBaskets4life\u201d, udstilling, Gimsinghoved, Struer<br \/>\n\u201cBaskets4life\u201d, udstilling, Ludwigsburg, Tyskland<\/td>\n<\/tr>\n<tr class=\"row-27\">\n\t<td class=\"column-1\"><\/td><td class=\"column-2\">2009<\/td><td class=\"column-3\">\u201cKirseb\u00e6rkurve\u201d, Kerteminde<br \/>\n\u201cKander\u201d, udstilling, Gimsinghoved, Struer<br \/>\n\u201cBaskets4life\u201d, udstilling, Stadtschloss, Lichtenfels, Tyskland, samt udf\u00f8relse af gruppeinstallation i Lichtenfels<br \/>\n\u201cKammergalleriet\u201d, Lemvig<\/td>\n<\/tr>\n<tr class=\"row-28\">\n\t<td class=\"column-1\"><\/td><td class=\"column-2\">2008<\/td><td class=\"column-3\">\u201cInternational Basket Exhibition\u201d, Killarney, Irland,\t\t\t\t\t\t\t\t\tHastings, England, Nordwolde, Holland<br \/>\n\u201cKulinarisk kunst\u201d, Gimsinghoved, Struer<\/td>\n<\/tr>\n<tr class=\"row-29\">\n\t<td class=\"column-1\"><\/td><td class=\"column-2\">2007<\/td><td class=\"column-3\">\u201cPinolere\u201d, kurveudstilling, Tenerife, Spanien<br \/>\n\u201cKurv\u201d, udstilling, Silkeborg Bad, Silkeborg, og Rundet\u00e5rn, K\u00f8benhavn<\/td>\n<\/tr>\n<tr class=\"row-30\">\n\t<td class=\"column-1\"><\/td><td class=\"column-2\">2005<\/td><td class=\"column-3\">\u201cFri Form\u201d, udstilling, Rundet\u00e5rn, K\u00f8benhavn<br \/>\nKurve til \u201cCraft Residencies in the Highlands\u201d, Skotland<br \/>\n\u201cVen\u00f8-Vind\u00f8\u201d, pileinstallation p\u00e5 Ven\u00f8, Struer<\/td>\n<\/tr>\n<tr class=\"row-31\">\n\t<td class=\"column-1\">Priser:<\/td><td class=\"column-2\">2011<\/td><td class=\"column-3\">1. pris, kunstneriske kurve \/ artistic baskets, 2. pris, indsendte arbejder \/ exhibition baskets, Nowy Tomysl, Polen<\/td>\n<\/tr>\n<tr class=\"row-32\">\n\t<td class=\"column-1\">\t\t<\/td><td class=\"column-2\">2007<\/td><td class=\"column-3\">1. pris, \u201cKurv\u201d, udstilling, Silkeborg Bad<\/td>\n<\/tr>\n<tr class=\"row-33\">\n\t<td class=\"column-1\"><\/td><td class=\"column-2\"><\/td><td class=\"column-3\">1. pris, \u201cPinolere\u201d, kurveudstilling, Tenerife, Spanien<\/td>\n<\/tr>\n<tr class=\"row-34\">\n\t<td class=\"column-1\"><\/td><td class=\"column-2\">2003<\/td><td class=\"column-3\">2. pris, tekstildesign for Georg Jensen<\/td>\n<\/tr>\n<tr class=\"row-35\">\n\t<td class=\"column-1\">Medlem af:\t\t\t<\/td><td class=\"column-2\"><\/td><td class=\"column-3\">Danske Kunsth\u00e5ndv\u00e6rkere<\/td>\n<\/tr>\n<tr class=\"row-36\">\n\t<td class=\"column-1\"><\/td><td class=\"column-2\"><\/td><td class=\"column-3\">Baskets4Life<\/td>\n<\/tr>\n<\/tbody>\n<\/table>\n<!-- #tablepress-2 from cache -->\n","protected":false},"excerpt":{"rendered":"","protected":false},"author":1,"featured_media":0,"parent":38,"menu_order":0,"comment_status":"closed","ping_status":"open","template":"onecolumn-page.php","meta":{"advanced_seo_description":"","jetpack_seo_html_title":"","jetpack_seo_noindex":false,"footnotes":""},"class_list":["post-66","page","type-page","status-publish","hentry"],"acf":[],"jetpack_sharing_enabled":true,"jetpack_shortlink":"https:\/\/wp.me\/P379MJ-14","_links":{"self":[{"href":"https:\/\/hjornholm.dk\/index.php?rest_route=\/wp\/v2\/pages\/66","targetHints":{"allow":["GET"]}}],"collection":[{"href":"https:\/\/hjornholm.dk\/index.php?rest_route=\/wp\/v2\/pages"}],"about":[{"href":"https:\/\/hjornholm.dk\/index.php?rest_route=\/wp\/v2\/types\/page"}],"author":[{"embeddable":true,"href":"https:\/\/hjornholm.dk\/index.php?rest_route=\/wp\/v2\/users\/1"}],"replies":[{"embeddable":true,"href":"https:\/\/hjornholm.dk\/index.php?rest_route=%2Fwp%2Fv2%2Fcomments&post=66"}],"version-history":[{"count":0,"href":"https:\/\/hjornholm.dk\/index.php?rest_route=\/wp\/v2\/pages\/66\/revisions"}],"up":[{"embeddable":true,"href":"https:\/\/hjornholm.dk\/index.php?rest_route=\/wp\/v2\/pages\/38"}],"wp:attachment":[{"href":"https:\/\/hjornholm.dk\/index.php?rest_route=%2Fwp%2Fv2%2Fmedia&parent=66"}],"curies":[{"name":"wp","href":"https:\/\/api.w.org\/{rel}","templated":true}]}}