{"id":2769,"date":"2020-12-17T18:24:46","date_gmt":"2020-12-17T17:24:46","guid":{"rendered":"http:\/\/hjornholm.dk\/?post_type=product&#038;p=2769"},"modified":"2025-11-24T09:51:04","modified_gmt":"2025-11-24T08:51:04","slug":"gavekort-pilekursus-inkl-materialer","status":"publish","type":"product","link":"https:\/\/hjornholm.dk\/?product=gavekort-pilekursus-inkl-materialer","title":{"rendered":"Gavekort &#8211; Pilekursus inkl. materialer"},"content":{"rendered":"<p>Gavekortet kan bruges som betaling for et 2-dages pilekursus inklusive materialeforbrug.<\/p>\n<p>Se kursusdatoer <a href=\"https:\/\/hjornholm.dk\/?page_id=12\" rel=\"noopener\" target=\"_blank\">her<\/a> &#8211; og kontakt Hj\u00f8rnholm Pil p\u00e5 <a href=\"&#x6d;&#x61;&#105;l&#x74;&#x6f;&#58;&#97;n&#x6e;&#x65;&#46;&#109;e&#x74;&#x74;&#101;&#46;h&#x6a;&#x6f;&#114;n&#x68;&#x6f;&#108;&#109;&#64;&#x67;&#x6d;&#97;&#105;l&#x2e;&#x63;&#111;m\">mail<\/a> for aftale om tilmelding.<\/p>\n<p>Gavekortet sendes med post til den angivne modtageradresse. Det er forsynet med dato (k\u00f8bsdatoen), skal anvendes inden for et \u00e5r efter denne dato &#8211; og kan ikke ombyttes til kontanter.<\/p>\n","protected":false},"excerpt":{"rendered":"<p>Gavekortet kan bruges som betaling for et 2-dages pilekursus inklusive materialeforbrug. Se kursusdatoer her &#8211; og kontakt Hj\u00f8rnholm Pil p\u00e5 mail for aftale om tilmelding. Gavekortet sendes med post til den angivne modtageradresse. Det er forsynet med dato (k\u00f8bsdatoen), skal anvendes inden for et \u00e5r efter denne dato &#8211; og kan ikke ombyttes til kontanter.<\/p>\n","protected":false},"featured_media":2762,"template":"","meta":{"advanced_seo_description":"","jetpack_seo_html_title":"","jetpack_seo_noindex":false},"product_brand":[],"product_cat":[48],"product_tag":[],"class_list":{"0":"post-2769","1":"product","2":"type-product","3":"status-publish","4":"has-post-thumbnail","6":"product_cat-gavekort","7":"product_shipping_class-brev-mellem","9":"first","10":"instock","11":"purchasable","12":"product-type-simple"},"acf":[],"jetpack_sharing_enabled":true,"_links":{"self":[{"href":"https:\/\/hjornholm.dk\/index.php?rest_route=\/wp\/v2\/product\/2769","targetHints":{"allow":["GET"]}}],"collection":[{"href":"https:\/\/hjornholm.dk\/index.php?rest_route=\/wp\/v2\/product"}],"about":[{"href":"https:\/\/hjornholm.dk\/index.php?rest_route=\/wp\/v2\/types\/product"}],"wp:featuredmedia":[{"embeddable":true,"href":"https:\/\/hjornholm.dk\/index.php?rest_route=\/wp\/v2\/media\/2762"}],"wp:attachment":[{"href":"https:\/\/hjornholm.dk\/index.php?rest_route=%2Fwp%2Fv2%2Fmedia&parent=2769"}],"wp:term":[{"taxonomy":"product_brand","embeddable":true,"href":"https:\/\/hjornholm.dk\/index.php?rest_route=%2Fwp%2Fv2%2Fproduct_brand&post=2769"},{"taxonomy":"product_cat","embeddable":true,"href":"https:\/\/hjornholm.dk\/index.php?rest_route=%2Fwp%2Fv2%2Fproduct_cat&post=2769"},{"taxonomy":"product_tag","embeddable":true,"href":"https:\/\/hjornholm.dk\/index.php?rest_route=%2Fwp%2Fv2%2Fproduct_tag&post=2769"}],"curies":[{"name":"wp","href":"https:\/\/api.w.org\/{rel}","templated":true}]}}