{"id":2927,"date":"2021-03-23T22:35:34","date_gmt":"2021-03-23T21:35:34","guid":{"rendered":"https:\/\/hjornholm.dk\/?post_type=product&#038;p=2927"},"modified":"2024-07-22T11:13:36","modified_gmt":"2024-07-22T10:13:36","slug":"rammevaerkskurv-i-kaosflet-med-bark-unika","status":"publish","type":"product","link":"https:\/\/hjornholm.dk\/?product=rammevaerkskurv-i-kaosflet-med-bark-unika","title":{"rendered":"Rammev\u00e6rkskurv i kaosflet med bark &#8211; unika"},"content":{"rendered":"<p>H\u00f8nsekurv i kaosflet, flettet med strimler af pilebark. UTROLIGT tidskr\u00e6vende at flette !<\/p>\n","protected":false},"excerpt":{"rendered":"<p>H\u00f8jde 22 cm, 27&#215;27 cm.<\/p>\n","protected":false},"featured_media":2916,"template":"","meta":{"advanced_seo_description":"","jetpack_seo_html_title":"","jetpack_seo_noindex":false},"product_brand":[],"product_cat":[39],"product_tag":[],"class_list":{"0":"post-2927","1":"product","2":"type-product","3":"status-publish","4":"has-post-thumbnail","6":"product_cat-ramme","7":"product_shipping_class-1-5","9":"first","10":"instock","11":"taxable","12":"shipping-taxable","13":"purchasable","14":"product-type-simple"},"acf":[],"jetpack_sharing_enabled":true,"_links":{"self":[{"href":"https:\/\/hjornholm.dk\/index.php?rest_route=\/wp\/v2\/product\/2927","targetHints":{"allow":["GET"]}}],"collection":[{"href":"https:\/\/hjornholm.dk\/index.php?rest_route=\/wp\/v2\/product"}],"about":[{"href":"https:\/\/hjornholm.dk\/index.php?rest_route=\/wp\/v2\/types\/product"}],"wp:featuredmedia":[{"embeddable":true,"href":"https:\/\/hjornholm.dk\/index.php?rest_route=\/wp\/v2\/media\/2916"}],"wp:attachment":[{"href":"https:\/\/hjornholm.dk\/index.php?rest_route=%2Fwp%2Fv2%2Fmedia&parent=2927"}],"wp:term":[{"taxonomy":"product_brand","embeddable":true,"href":"https:\/\/hjornholm.dk\/index.php?rest_route=%2Fwp%2Fv2%2Fproduct_brand&post=2927"},{"taxonomy":"product_cat","embeddable":true,"href":"https:\/\/hjornholm.dk\/index.php?rest_route=%2Fwp%2Fv2%2Fproduct_cat&post=2927"},{"taxonomy":"product_tag","embeddable":true,"href":"https:\/\/hjornholm.dk\/index.php?rest_route=%2Fwp%2Fv2%2Fproduct_tag&post=2927"}],"curies":[{"name":"wp","href":"https:\/\/api.w.org\/{rel}","templated":true}]}}