{"id":3041,"date":"2021-12-02T21:28:28","date_gmt":"2021-12-02T20:28:28","guid":{"rendered":"https:\/\/hjornholm.dk\/?post_type=product&#038;p=3041"},"modified":"2024-07-22T11:37:26","modified_gmt":"2024-07-22T10:37:26","slug":"hoensekurv-i-pil-og-revlingeroedder-unika","status":"publish","type":"product","link":"https:\/\/hjornholm.dk\/?product=hoensekurv-i-pil-og-revlingeroedder-unika","title":{"rendered":"Rammev\u00e6rkskurv i pil og revlinger\u00f8dder &#8211; unika"},"content":{"rendered":"<p>Flettet med &#8220;endel\u00f8s&#8221; snor, tvundet af revlinger\u00f8dder.<\/p>\n","protected":false},"excerpt":{"rendered":"<p>H\u00f8jde 38 cm, 40&#215;43 cm.<\/p>\n","protected":false},"featured_media":3027,"template":"","meta":{"advanced_seo_description":"","jetpack_seo_html_title":"","jetpack_seo_noindex":false},"product_brand":[],"product_cat":[39],"product_tag":[],"class_list":{"0":"post-3041","1":"product","2":"type-product","3":"status-publish","4":"has-post-thumbnail","6":"product_cat-ramme","7":"product_shipping_class-1-5","9":"first","10":"instock","11":"taxable","12":"shipping-taxable","13":"purchasable","14":"product-type-simple"},"acf":[],"jetpack_sharing_enabled":true,"_links":{"self":[{"href":"https:\/\/hjornholm.dk\/index.php?rest_route=\/wp\/v2\/product\/3041","targetHints":{"allow":["GET"]}}],"collection":[{"href":"https:\/\/hjornholm.dk\/index.php?rest_route=\/wp\/v2\/product"}],"about":[{"href":"https:\/\/hjornholm.dk\/index.php?rest_route=\/wp\/v2\/types\/product"}],"wp:featuredmedia":[{"embeddable":true,"href":"https:\/\/hjornholm.dk\/index.php?rest_route=\/wp\/v2\/media\/3027"}],"wp:attachment":[{"href":"https:\/\/hjornholm.dk\/index.php?rest_route=%2Fwp%2Fv2%2Fmedia&parent=3041"}],"wp:term":[{"taxonomy":"product_brand","embeddable":true,"href":"https:\/\/hjornholm.dk\/index.php?rest_route=%2Fwp%2Fv2%2Fproduct_brand&post=3041"},{"taxonomy":"product_cat","embeddable":true,"href":"https:\/\/hjornholm.dk\/index.php?rest_route=%2Fwp%2Fv2%2Fproduct_cat&post=3041"},{"taxonomy":"product_tag","embeddable":true,"href":"https:\/\/hjornholm.dk\/index.php?rest_route=%2Fwp%2Fv2%2Fproduct_tag&post=3041"}],"curies":[{"name":"wp","href":"https:\/\/api.w.org\/{rel}","templated":true}]}}