{"id":3084,"date":"2021-12-05T14:06:44","date_gmt":"2021-12-05T13:06:44","guid":{"rendered":"https:\/\/hjornholm.dk\/?post_type=product&#038;p=3084"},"modified":"2025-11-12T21:01:31","modified_gmt":"2025-11-12T20:01:31","slug":"skuldertaske-rammevaerksflettet","status":"publish","type":"product","link":"https:\/\/hjornholm.dk\/?product=skuldertaske-rammevaerksflettet","title":{"rendered":"Skuldertaske, rammev\u00e6rksflettet"},"content":{"rendered":"<p>St\u00e6rk og let taske flettet p\u00e5 rammev\u00e6rkskonstruktion i traditionel flet. Taskens l\u00e5g er fastgjort med l\u00e6derstrop og kan lukkes med et sp\u00e6nde. Der er hul i l\u00e5get og \u00f8verst i tasken, s\u00e5 den let kan b\u00e6res i \u00e9n h\u00e5nd. Tasken har bl\u00e5 skulderstrop i l\u00e6der som kan justeres i l\u00e6ngden.<\/p>\n","protected":false},"excerpt":{"rendered":"<p>H\u00f8jde 29 cm, bredde 27, dybde 14,5 cm.<\/p>\n","protected":false},"featured_media":3086,"template":"","meta":{"advanced_seo_description":"","jetpack_seo_html_title":"","jetpack_seo_noindex":false},"product_brand":[],"product_cat":[39,43],"product_tag":[],"class_list":{"0":"post-3084","1":"product","2":"type-product","3":"status-publish","4":"has-post-thumbnail","6":"product_cat-ramme","7":"product_cat-tasker","8":"product_shipping_class-1-5","10":"first","11":"instock","12":"taxable","13":"shipping-taxable","14":"purchasable","15":"product-type-simple"},"acf":[],"jetpack_sharing_enabled":true,"_links":{"self":[{"href":"https:\/\/hjornholm.dk\/index.php?rest_route=\/wp\/v2\/product\/3084","targetHints":{"allow":["GET"]}}],"collection":[{"href":"https:\/\/hjornholm.dk\/index.php?rest_route=\/wp\/v2\/product"}],"about":[{"href":"https:\/\/hjornholm.dk\/index.php?rest_route=\/wp\/v2\/types\/product"}],"wp:featuredmedia":[{"embeddable":true,"href":"https:\/\/hjornholm.dk\/index.php?rest_route=\/wp\/v2\/media\/3086"}],"wp:attachment":[{"href":"https:\/\/hjornholm.dk\/index.php?rest_route=%2Fwp%2Fv2%2Fmedia&parent=3084"}],"wp:term":[{"taxonomy":"product_brand","embeddable":true,"href":"https:\/\/hjornholm.dk\/index.php?rest_route=%2Fwp%2Fv2%2Fproduct_brand&post=3084"},{"taxonomy":"product_cat","embeddable":true,"href":"https:\/\/hjornholm.dk\/index.php?rest_route=%2Fwp%2Fv2%2Fproduct_cat&post=3084"},{"taxonomy":"product_tag","embeddable":true,"href":"https:\/\/hjornholm.dk\/index.php?rest_route=%2Fwp%2Fv2%2Fproduct_tag&post=3084"}],"curies":[{"name":"wp","href":"https:\/\/api.w.org\/{rel}","templated":true}]}}