{"id":3607,"date":"2025-11-23T14:46:06","date_gmt":"2025-11-23T13:46:06","guid":{"rendered":"https:\/\/hjornholm.dk\/?post_type=product&#038;p=3607"},"modified":"2025-11-24T10:31:25","modified_gmt":"2025-11-24T09:31:25","slug":"rammevaerksfad","status":"publish","type":"product","link":"https:\/\/hjornholm.dk\/?product=rammevaerksfad","title":{"rendered":"Rammev\u00e6rksfad"},"content":{"rendered":"<p>Smalt fad i rammev\u00e6rksflet, gr\u00f8nt.<\/p>\n<p>H. 6cm, B. 21cm, L. 39cm.<\/p>\n","protected":false},"excerpt":{"rendered":"<p>Smalt fad i rammev\u00e6rksflet, gr\u00f8nt. H. 6cm, B. 21cm, L. 39cm.<\/p>\n","protected":false},"featured_media":3552,"template":"","meta":{"advanced_seo_description":"","jetpack_seo_html_title":"","jetpack_seo_noindex":false},"product_brand":[],"product_cat":[42,20,39],"product_tag":[],"class_list":{"0":"post-3607","1":"product","2":"type-product","3":"status-publish","4":"has-post-thumbnail","6":"product_cat-broed","7":"product_cat-kurve","8":"product_cat-ramme","9":"product_shipping_class-1-5","11":"first","12":"instock","13":"taxable","14":"shipping-taxable","15":"purchasable","16":"product-type-simple"},"acf":[],"jetpack_sharing_enabled":true,"_links":{"self":[{"href":"https:\/\/hjornholm.dk\/index.php?rest_route=\/wp\/v2\/product\/3607","targetHints":{"allow":["GET"]}}],"collection":[{"href":"https:\/\/hjornholm.dk\/index.php?rest_route=\/wp\/v2\/product"}],"about":[{"href":"https:\/\/hjornholm.dk\/index.php?rest_route=\/wp\/v2\/types\/product"}],"wp:featuredmedia":[{"embeddable":true,"href":"https:\/\/hjornholm.dk\/index.php?rest_route=\/wp\/v2\/media\/3552"}],"wp:attachment":[{"href":"https:\/\/hjornholm.dk\/index.php?rest_route=%2Fwp%2Fv2%2Fmedia&parent=3607"}],"wp:term":[{"taxonomy":"product_brand","embeddable":true,"href":"https:\/\/hjornholm.dk\/index.php?rest_route=%2Fwp%2Fv2%2Fproduct_brand&post=3607"},{"taxonomy":"product_cat","embeddable":true,"href":"https:\/\/hjornholm.dk\/index.php?rest_route=%2Fwp%2Fv2%2Fproduct_cat&post=3607"},{"taxonomy":"product_tag","embeddable":true,"href":"https:\/\/hjornholm.dk\/index.php?rest_route=%2Fwp%2Fv2%2Fproduct_tag&post=3607"}],"curies":[{"name":"wp","href":"https:\/\/api.w.org\/{rel}","templated":true}]}}