{"id":3639,"date":"2025-11-24T16:29:11","date_gmt":"2025-11-24T15:29:11","guid":{"rendered":"https:\/\/hjornholm.dk\/?post_type=product&#038;p=3639"},"modified":"2025-12-05T19:55:31","modified_gmt":"2025-12-05T18:55:31","slug":"skuldertaske-med-laederhank-4","status":"publish","type":"product","link":"https:\/\/hjornholm.dk\/?product=skuldertaske-med-laederhank-4","title":{"rendered":"Skuldertaske med l\u00e6derhank"},"content":{"rendered":"<p>Skuldertaske i gr\u00f8n pil i Burkina-flet med brun l\u00e6derhank.<\/p>\n<p>H. 27cm, B. 13cm, L. 17cm foroven, 21cm forneden.<\/p>\n","protected":false},"excerpt":{"rendered":"<p>Skuldertaske i gr\u00f8n pil i Burkina-flet med brun l\u00e6derhank. H. 27cm, B. 13cm, L. 17cm foroven, 21cm forneden.<\/p>\n","protected":false},"featured_media":3557,"template":"","meta":{"advanced_seo_description":"","jetpack_seo_html_title":"","jetpack_seo_noindex":false},"product_brand":[],"product_cat":[20,43],"product_tag":[],"class_list":{"0":"post-3639","1":"product","2":"type-product","3":"status-publish","4":"has-post-thumbnail","6":"product_cat-kurve","7":"product_cat-tasker","8":"product_shipping_class-1-5","10":"first","11":"instock","12":"taxable","13":"shipping-taxable","14":"purchasable","15":"product-type-simple"},"acf":[],"jetpack_sharing_enabled":true,"_links":{"self":[{"href":"https:\/\/hjornholm.dk\/index.php?rest_route=\/wp\/v2\/product\/3639","targetHints":{"allow":["GET"]}}],"collection":[{"href":"https:\/\/hjornholm.dk\/index.php?rest_route=\/wp\/v2\/product"}],"about":[{"href":"https:\/\/hjornholm.dk\/index.php?rest_route=\/wp\/v2\/types\/product"}],"wp:featuredmedia":[{"embeddable":true,"href":"https:\/\/hjornholm.dk\/index.php?rest_route=\/wp\/v2\/media\/3557"}],"wp:attachment":[{"href":"https:\/\/hjornholm.dk\/index.php?rest_route=%2Fwp%2Fv2%2Fmedia&parent=3639"}],"wp:term":[{"taxonomy":"product_brand","embeddable":true,"href":"https:\/\/hjornholm.dk\/index.php?rest_route=%2Fwp%2Fv2%2Fproduct_brand&post=3639"},{"taxonomy":"product_cat","embeddable":true,"href":"https:\/\/hjornholm.dk\/index.php?rest_route=%2Fwp%2Fv2%2Fproduct_cat&post=3639"},{"taxonomy":"product_tag","embeddable":true,"href":"https:\/\/hjornholm.dk\/index.php?rest_route=%2Fwp%2Fv2%2Fproduct_tag&post=3639"}],"curies":[{"name":"wp","href":"https:\/\/api.w.org\/{rel}","templated":true}]}}