{"id":3746,"date":"2025-12-05T19:19:33","date_gmt":"2025-12-05T18:19:33","guid":{"rendered":"https:\/\/hjornholm.dk\/?post_type=product&#038;p=3746"},"modified":"2025-12-05T19:53:29","modified_gmt":"2025-12-05T18:53:29","slug":"skuldertaske-med-laederhank-5","status":"publish","type":"product","link":"https:\/\/hjornholm.dk\/?product=skuldertaske-med-laederhank-5","title":{"rendered":"Skuldertaske med l\u00e6derhank"},"content":{"rendered":"<p>Skuldertaske i gr\u00f8n pil, dobbelt fransk sideflet og zig zag flet, med sort l\u00e6derstrop.<\/p>\n<p>H. 25.5cm, B. 15cm, L. 24cm.<\/p>\n","protected":false},"excerpt":{"rendered":"<p>Skuldertaske i gr\u00f8n pil, dobbelt fransk sideflet og zig zag flet, med sort l\u00e6derstrop. H. 25.5cm, B. 15cm, L. 24cm.<\/p>\n","protected":false},"featured_media":3734,"template":"","meta":{"advanced_seo_description":"","jetpack_seo_html_title":"","jetpack_seo_noindex":false},"product_brand":[],"product_cat":[20,43],"product_tag":[],"class_list":{"0":"post-3746","1":"product","2":"type-product","3":"status-publish","4":"has-post-thumbnail","6":"product_cat-kurve","7":"product_cat-tasker","8":"product_shipping_class-1-5","10":"first","11":"instock","12":"taxable","13":"shipping-taxable","14":"purchasable","15":"product-type-simple"},"acf":[],"jetpack_sharing_enabled":true,"_links":{"self":[{"href":"https:\/\/hjornholm.dk\/index.php?rest_route=\/wp\/v2\/product\/3746","targetHints":{"allow":["GET"]}}],"collection":[{"href":"https:\/\/hjornholm.dk\/index.php?rest_route=\/wp\/v2\/product"}],"about":[{"href":"https:\/\/hjornholm.dk\/index.php?rest_route=\/wp\/v2\/types\/product"}],"wp:featuredmedia":[{"embeddable":true,"href":"https:\/\/hjornholm.dk\/index.php?rest_route=\/wp\/v2\/media\/3734"}],"wp:attachment":[{"href":"https:\/\/hjornholm.dk\/index.php?rest_route=%2Fwp%2Fv2%2Fmedia&parent=3746"}],"wp:term":[{"taxonomy":"product_brand","embeddable":true,"href":"https:\/\/hjornholm.dk\/index.php?rest_route=%2Fwp%2Fv2%2Fproduct_brand&post=3746"},{"taxonomy":"product_cat","embeddable":true,"href":"https:\/\/hjornholm.dk\/index.php?rest_route=%2Fwp%2Fv2%2Fproduct_cat&post=3746"},{"taxonomy":"product_tag","embeddable":true,"href":"https:\/\/hjornholm.dk\/index.php?rest_route=%2Fwp%2Fv2%2Fproduct_tag&post=3746"}],"curies":[{"name":"wp","href":"https:\/\/api.w.org\/{rel}","templated":true}]}}