{"id":3749,"date":"2025-12-05T19:35:57","date_gmt":"2025-12-05T18:35:57","guid":{"rendered":"https:\/\/hjornholm.dk\/?post_type=product&#038;p=3749"},"modified":"2025-12-11T12:38:55","modified_gmt":"2025-12-11T11:38:55","slug":"lille-fuglefoderhus","status":"publish","type":"product","link":"https:\/\/hjornholm.dk\/?product=lille-fuglefoderhus","title":{"rendered":"Lille fuglefoderhus"},"content":{"rendered":"<p>Bundplade \u00d822cm, udh\u00e6ng \u00d846cm, H: 69cm.<br \/>\nKan monteres p\u00e5 p\u00e6l eller laves til oph\u00e6ng (tov).<\/p>\n","protected":false},"excerpt":{"rendered":"<p>Bundplade \u00d822cm, udh\u00e6ng \u00d846cm, H: 69cm. Kan monteres p\u00e5 p\u00e6l eller laves til oph\u00e6ng (tov).<\/p>\n","protected":false},"featured_media":3725,"template":"","meta":{"advanced_seo_description":"","jetpack_seo_html_title":"","jetpack_seo_noindex":false},"product_brand":[],"product_cat":[44],"product_tag":[],"class_list":{"0":"post-3749","1":"product","2":"type-product","3":"status-publish","4":"has-post-thumbnail","6":"product_cat-foderhus","7":"product_shipping_class-1-5","9":"first","10":"instock","11":"taxable","12":"shipping-taxable","13":"purchasable","14":"product-type-simple"},"acf":[],"jetpack_sharing_enabled":true,"_links":{"self":[{"href":"https:\/\/hjornholm.dk\/index.php?rest_route=\/wp\/v2\/product\/3749","targetHints":{"allow":["GET"]}}],"collection":[{"href":"https:\/\/hjornholm.dk\/index.php?rest_route=\/wp\/v2\/product"}],"about":[{"href":"https:\/\/hjornholm.dk\/index.php?rest_route=\/wp\/v2\/types\/product"}],"wp:featuredmedia":[{"embeddable":true,"href":"https:\/\/hjornholm.dk\/index.php?rest_route=\/wp\/v2\/media\/3725"}],"wp:attachment":[{"href":"https:\/\/hjornholm.dk\/index.php?rest_route=%2Fwp%2Fv2%2Fmedia&parent=3749"}],"wp:term":[{"taxonomy":"product_brand","embeddable":true,"href":"https:\/\/hjornholm.dk\/index.php?rest_route=%2Fwp%2Fv2%2Fproduct_brand&post=3749"},{"taxonomy":"product_cat","embeddable":true,"href":"https:\/\/hjornholm.dk\/index.php?rest_route=%2Fwp%2Fv2%2Fproduct_cat&post=3749"},{"taxonomy":"product_tag","embeddable":true,"href":"https:\/\/hjornholm.dk\/index.php?rest_route=%2Fwp%2Fv2%2Fproduct_tag&post=3749"}],"curies":[{"name":"wp","href":"https:\/\/api.w.org\/{rel}","templated":true}]}}