{"id":3782,"date":"2026-01-01T19:27:29","date_gmt":"2026-01-01T18:27:29","guid":{"rendered":"https:\/\/hjornholm.dk\/?post_type=product&#038;p=3782"},"modified":"2026-01-01T19:30:07","modified_gmt":"2026-01-01T18:30:07","slug":"braendekurv","status":"publish","type":"product","link":"https:\/\/hjornholm.dk\/?product=braendekurv","title":{"rendered":"Br\u00e6ndekurv"},"content":{"rendered":"<p>Solid rund br\u00e6ndekurv i gr\u00f8nbrun pil. Engelsk sideflet.<\/p>\n<p>H. 40cm u. hanke, 47cm m.hanke, D. 42cm foroven, 39cm forneden.<\/p>\n","protected":false},"excerpt":{"rendered":"<p>Solid rund br\u00e6ndekurv i gr\u00f8nbrun pil. Engelsk sideflet. H. 40cm u. hanke, 47cm m.hanke, D. 42cm foroven, 39cm forneden.<\/p>\n","protected":false},"featured_media":3770,"template":"","meta":{"advanced_seo_description":"","jetpack_seo_html_title":"","jetpack_seo_noindex":false},"product_brand":[],"product_cat":[40,20],"product_tag":[],"class_list":{"0":"post-3782","1":"product","2":"type-product","3":"status-publish","4":"has-post-thumbnail","6":"product_cat-braende","7":"product_cat-kurve","8":"product_shipping_class-5-10","10":"first","11":"instock","12":"taxable","13":"shipping-taxable","14":"purchasable","15":"product-type-simple"},"acf":[],"jetpack_sharing_enabled":true,"_links":{"self":[{"href":"https:\/\/hjornholm.dk\/index.php?rest_route=\/wp\/v2\/product\/3782","targetHints":{"allow":["GET"]}}],"collection":[{"href":"https:\/\/hjornholm.dk\/index.php?rest_route=\/wp\/v2\/product"}],"about":[{"href":"https:\/\/hjornholm.dk\/index.php?rest_route=\/wp\/v2\/types\/product"}],"wp:featuredmedia":[{"embeddable":true,"href":"https:\/\/hjornholm.dk\/index.php?rest_route=\/wp\/v2\/media\/3770"}],"wp:attachment":[{"href":"https:\/\/hjornholm.dk\/index.php?rest_route=%2Fwp%2Fv2%2Fmedia&parent=3782"}],"wp:term":[{"taxonomy":"product_brand","embeddable":true,"href":"https:\/\/hjornholm.dk\/index.php?rest_route=%2Fwp%2Fv2%2Fproduct_brand&post=3782"},{"taxonomy":"product_cat","embeddable":true,"href":"https:\/\/hjornholm.dk\/index.php?rest_route=%2Fwp%2Fv2%2Fproduct_cat&post=3782"},{"taxonomy":"product_tag","embeddable":true,"href":"https:\/\/hjornholm.dk\/index.php?rest_route=%2Fwp%2Fv2%2Fproduct_tag&post=3782"}],"curies":[{"name":"wp","href":"https:\/\/api.w.org\/{rel}","templated":true}]}}